{"id":5818,"date":"2026-03-09T14:24:51","date_gmt":"2026-03-09T14:24:51","guid":{"rendered":"https:\/\/teste.cf-moto.pt\/?page_id=5818"},"modified":"2026-03-09T17:11:09","modified_gmt":"2026-03-09T17:11:09","slug":"testride","status":"publish","type":"page","link":"https:\/\/teste.cf-moto.pt\/index.php\/testride\/","title":{"rendered":"TESTRIDE"},"content":{"rendered":"<div class=\"fusion-fullwidth fullwidth-box fusion-builder-row-1 fusion-flex-container has-pattern-background has-mask-background nonhundred-percent-fullwidth non-hundred-percent-height-scrolling\" style=\"--awb-background-blend-mode:hue;--awb-border-radius-top-left:0px;--awb-border-radius-top-right:0px;--awb-border-radius-bottom-right:0px;--awb-border-radius-bottom-left:0px;--awb-background-color:var(--awb-color1);--awb-flex-wrap:wrap;\" ><div class=\"fusion-builder-row fusion-row fusion-flex-align-items-flex-start fusion-flex-align-content-flex-end fusion-flex-justify-content-center fusion-flex-content-wrap\" style=\"max-width:1248px;margin-left: calc(-4% \/ 2 );margin-right: calc(-4% \/ 2 );\"><div class=\"fusion-layout-column fusion_builder_column fusion-builder-column-0 fusion_builder_column_3_5 3_5 fusion-flex-column\" style=\"--awb-bg-size:cover;--awb-width-large:60%;--awb-margin-top-large:0px;--awb-spacing-right-large:3.2%;--awb-margin-bottom-large:20px;--awb-spacing-left-large:3.2%;--awb-width-medium:100%;--awb-order-medium:0;--awb-spacing-right-medium:1.92%;--awb-spacing-left-medium:1.92%;--awb-width-small:100%;--awb-order-small:0;--awb-spacing-right-small:1.92%;--awb-spacing-left-small:1.92%;\"><div class=\"fusion-column-wrapper fusion-column-has-shadow fusion-flex-justify-content-flex-start fusion-content-layout-column\"><div class=\"fusion-text fusion-text-1\" style=\"--awb-font-size:30px;--awb-line-height:var(--awb-typography1-line-height);--awb-letter-spacing:var(--awb-typography1-letter-spacing);--awb-text-transform:uppercase;--awb-text-color:#434545;--awb-margin-top:-10px;--awb-text-font-family:var(--awb-typography1-font-family);--awb-text-font-weight:var(--awb-typography1-font-weight);--awb-text-font-style:var(--awb-typography1-font-style);\"><p>Vem testar a tua pr\u00f3xima CFMOTO!<\/p>\n<\/div><div class=\"fusion-text fusion-text-2\" style=\"--awb-font-size:var(--awb-typography4-font-size);--awb-line-height:var(--awb-typography4-line-height);--awb-letter-spacing:var(--awb-typography4-letter-spacing);--awb-text-transform:var(--awb-typography4-text-transform);--awb-text-color:#6f6f6f;--awb-text-font-family:&quot;Manrope&quot;;--awb-text-font-style:normal;--awb-text-font-weight:400;\"><p>Experimenta a adrenalina nas palmas das tuas m\u00e3os! Agenda j\u00e1 um Test Ride num concession\u00e1rio oficial e sente a emo\u00e7\u00e3o de conduzir uma CFMOTO.<\/p>\n<p>Escolhe o dia da semana, janela hor\u00e1ria da tua prefer\u00eancia e o concession\u00e1rio onde tem dispon\u00edvel o modelo. <span style=\"text-decoration: underline;\">Ser\u00e1s contactado pelo concession\u00e1rio para acertar todos os detalhes e confirmar a disponibilidade.<\/span> Estamos \u00e0 tua espera!<\/p>\n<\/div><\/div><\/div><div class=\"fusion-layout-column fusion_builder_column fusion-builder-column-1 fusion_builder_column_3_5 3_5 fusion-flex-column\" style=\"--awb-bg-size:cover;--awb-width-large:60%;--awb-margin-top-large:0px;--awb-spacing-right-large:3.2%;--awb-margin-bottom-large:20px;--awb-spacing-left-large:3.2%;--awb-width-medium:100%;--awb-order-medium:0;--awb-spacing-right-medium:1.92%;--awb-spacing-left-medium:1.92%;--awb-width-small:100%;--awb-order-small:0;--awb-spacing-right-small:1.92%;--awb-spacing-left-small:1.92%;\"><div class=\"fusion-column-wrapper fusion-column-has-shadow fusion-flex-justify-content-flex-start fusion-content-layout-column\"><div class=\"fusion-text fusion-text-3\" style=\"--awb-font-size:30px;--awb-line-height:var(--awb-typography1-line-height);--awb-letter-spacing:var(--awb-typography1-letter-spacing);--awb-text-transform:uppercase;--awb-text-color:#434545;--awb-margin-top:-10px;--awb-text-font-family:var(--awb-typography1-font-family);--awb-text-font-weight:var(--awb-typography1-font-weight);--awb-text-font-style:var(--awb-typography1-font-style);\"><p>Vem testar a tua pr\u00f3xima CFMOTO!<\/p>\n<\/div><div class=\"fusion-form fusion-form-builder fusion-form-form-wrapper fusion-form-5824\" style=\"--awb-tooltip-text-color:var(--awb-color6);--awb-tooltip-background-color:var(--awb-color1);--awb-form-input-height:52px;--awb-form-bg-color:hsla(var(--awb-color8-h),var(--awb-color8-s),var(--awb-color8-l),calc(var(--awb-color8-a) - 95%));--awb-form-font-size:17px;--awb-form-placeholder-color:var(--awb-color3);--awb-form-text-color:var(--awb-color8);--awb-form-label-color:var(--awb-color8);--awb-form-border-color:var(--awb-color2);--awb-form-focus-border-color:var(--awb-color8);--awb-form-focus-border-hover-color:hsla(var(--awb-color8-h),var(--awb-color8-s),var(--awb-color8-l),calc(var(--awb-color8-a) - 50%));\" data-form-id=\"5824\" data-config=\"{&quot;form_id&quot;:&quot;5824&quot;,&quot;form_post_id&quot;:&quot;5824&quot;,&quot;post_id&quot;:5818,&quot;form_type&quot;:&quot;ajax&quot;,&quot;confirmation_type&quot;:[&quot;message&quot;],&quot;redirect_url&quot;:&quot;&quot;,&quot;redirect_timeout&quot;:&quot;0&quot;,&quot;field_labels&quot;:{&quot;nome&quot;:&quot;Nome&quot;,&quot;email&quot;:&quot;E-mail&quot;,&quot;telemovelwhatsapp&quot;:&quot;Telem\\u00f3vel\\\/WhatsApp *&quot;,&quot;diadasemanapretendido&quot;:&quot;Dia da Semana pretendido:&quot;,&quot;janelahorariapretendida&quot;:&quot;Janela Horaria pretendida:&quot;,&quot;modelos&quot;:&quot;modelos&quot;,&quot;concessionario&quot;:&quot;concessionario&quot;,&quot;consentimento1&quot;:&quot;&quot;,&quot;consentimento&quot;:&quot;&quot;},&quot;field_logics&quot;:{&quot;nome&quot;:&quot;&quot;,&quot;email&quot;:&quot;&quot;,&quot;telemovelwhatsapp&quot;:&quot;&quot;,&quot;diadasemanapretendido&quot;:&quot;&quot;,&quot;janelahorariapretendida&quot;:&quot;&quot;,&quot;modelos&quot;:&quot;[]&quot;,&quot;concessionario&quot;:&quot;[{\\&quot;operator\\&quot;:\\&quot;and\\&quot;,\\&quot;comparison\\&quot;:\\&quot;equal\\&quot;,\\&quot;field\\&quot;:\\&quot;modelos\\&quot;,\\&quot;value\\&quot;:\\&quot;800MT Explore\\&quot;}]&quot;,&quot;consentimento1&quot;:&quot;&quot;,&quot;consentimento&quot;:&quot;&quot;,&quot;submit_1&quot;:&quot;&quot;},&quot;field_types&quot;:{&quot;nome&quot;:&quot;text&quot;,&quot;email&quot;:&quot;email&quot;,&quot;telemovelwhatsapp&quot;:&quot;text&quot;,&quot;diadasemanapretendido&quot;:&quot;checkbox&quot;,&quot;janelahorariapretendida&quot;:&quot;checkbox&quot;,&quot;modelos&quot;:&quot;select&quot;,&quot;concessionario&quot;:&quot;select&quot;,&quot;consentimento1&quot;:&quot;consent&quot;,&quot;consentimento&quot;:&quot;consent&quot;,&quot;submit_1&quot;:&quot;submit&quot;},&quot;nonce_method&quot;:&quot;ajax&quot;,&quot;form_views&quot;:&quot;&quot;,&quot;form_views_counting&quot;:&quot;&quot;}\"><form action=\"https:\/\/teste.cf-moto.pt\/index.php\/testride\/\" method=\"post\" class=\"fusion-form fusion-form-5824\"><div class=\"fusion-fullwidth fullwidth-box fusion-builder-row-1-1 fusion-flex-container nonhundred-percent-fullwidth non-hundred-percent-height-scrolling\" style=\"--link_hover_color: #f3b544;--awb-border-sizes-top:0px;--awb-border-sizes-bottom:0px;--awb-border-sizes-left:0px;--awb-border-sizes-right:0px;--awb-border-radius-top-left:0px;--awb-border-radius-top-right:0px;--awb-border-radius-bottom-right:0px;--awb-border-radius-bottom-left:0px;--awb-padding-top:0px;--awb-padding-right:0px;--awb-padding-bottom:0px;--awb-padding-left:0px;--awb-margin-top:0px;--awb-margin-bottom:0px;--awb-flex-wrap:wrap;\" ><div class=\"fusion-builder-row fusion-row fusion-flex-align-items-flex-start fusion-flex-content-wrap\" style=\"width:104% !important;max-width:104% !important;margin-left: calc(-4% \/ 2 );margin-right: calc(-4% \/ 2 );\"><\/div><\/div><div class=\"fusion-fullwidth fullwidth-box fusion-builder-row-1-2 fusion-flex-container has-pattern-background has-mask-background nonhundred-percent-fullwidth non-hundred-percent-height-scrolling\" style=\"--awb-border-radius-top-left:0px;--awb-border-radius-top-right:0px;--awb-border-radius-bottom-right:0px;--awb-border-radius-bottom-left:0px;--awb-flex-wrap:wrap;\" ><div class=\"fusion-builder-row fusion-row fusion-flex-align-items-flex-start fusion-flex-content-wrap\" style=\"width:104% !important;max-width:104% !important;margin-left: calc(-4% \/ 2 );margin-right: calc(-4% \/ 2 );\"><div class=\"fusion-layout-column fusion_builder_column fusion-builder-column-2 fusion_builder_column_1_3 1_3 fusion-flex-column\" style=\"--awb-bg-size:cover;--awb-width-large:33.333333333333%;--awb-flex-grow:0;--awb-flex-shrink:0;--awb-margin-top-large:0px;--awb-spacing-right-large:5.76%;--awb-margin-bottom-large:20px;--awb-spacing-left-large:5.76%;--awb-width-medium:100%;--awb-order-medium:0;--awb-flex-grow-medium:0;--awb-flex-shrink-medium:0;--awb-spacing-right-medium:1.92%;--awb-spacing-left-medium:1.92%;--awb-width-small:100%;--awb-order-small:0;--awb-flex-grow-small:0;--awb-flex-shrink-small:0;--awb-spacing-right-small:1.92%;--awb-spacing-left-small:1.92%;\"><div class=\"fusion-column-wrapper fusion-column-has-shadow fusion-flex-justify-content-flex-start fusion-content-layout-column\"><div class=\"fusion-form-field fusion-form-text-field fusion-form-label-above\" style=\"\" data-form-id=\"5824\"><div class=\"fusion-form-label-wrapper\"><label for=\"nome\">Nome <abbr class=\"fusion-form-element-required\" title=\"required\">*<\/abbr><\/label><\/div><input type=\"text\" autocomplete=\"off\"  data-empty-notice=\"O campo \u00e9 obrigat\u00f3rio.\" name=\"nome\" id=\"nome\" value=\"\"  class=\"fusion-form-input\" required=\"true\" aria-required=\"true\" data-holds-private-data=\"false\" minlength=\"0\"\/><\/div><\/div><\/div><div class=\"fusion-layout-column fusion_builder_column fusion-builder-column-3 fusion_builder_column_1_3 1_3 fusion-flex-column\" style=\"--awb-bg-size:cover;--awb-width-large:33.333333333333%;--awb-flex-grow:0;--awb-flex-shrink:0;--awb-margin-top-large:0px;--awb-spacing-right-large:5.76%;--awb-margin-bottom-large:20px;--awb-spacing-left-large:5.76%;--awb-width-medium:100%;--awb-order-medium:0;--awb-flex-grow-medium:0;--awb-flex-shrink-medium:0;--awb-spacing-right-medium:1.92%;--awb-spacing-left-medium:1.92%;--awb-width-small:100%;--awb-order-small:0;--awb-flex-grow-small:0;--awb-flex-shrink-small:0;--awb-spacing-right-small:1.92%;--awb-spacing-left-small:1.92%;\"><div class=\"fusion-column-wrapper fusion-column-has-shadow fusion-flex-justify-content-flex-start fusion-content-layout-column\"><div class=\"fusion-form-field fusion-form-email-field fusion-form-label-above\" style=\"\" data-form-id=\"5824\"><div class=\"fusion-form-label-wrapper\"><label for=\"email\">E-mail <abbr class=\"fusion-form-element-required\" title=\"required\">*<\/abbr><\/label><\/div><input type=\"email\" autocomplete=\"off\"  data-empty-notice=\"O campo \u00e9 obrigat\u00f3rio.\" name=\"email\" id=\"email\" value=\"\"  class=\"fusion-form-input\" required=\"true\" aria-required=\"true\" data-holds-private-data=\"false\"\/><\/div><\/div><\/div><div class=\"fusion-layout-column fusion_builder_column fusion-builder-column-4 fusion_builder_column_1_3 1_3 fusion-flex-column\" style=\"--awb-bg-size:cover;--awb-width-large:33.333333333333%;--awb-flex-grow:0;--awb-flex-shrink:0;--awb-margin-top-large:0px;--awb-spacing-right-large:5.76%;--awb-margin-bottom-large:20px;--awb-spacing-left-large:5.76%;--awb-width-medium:100%;--awb-order-medium:0;--awb-flex-grow-medium:0;--awb-flex-shrink-medium:0;--awb-spacing-right-medium:1.92%;--awb-spacing-left-medium:1.92%;--awb-width-small:100%;--awb-order-small:0;--awb-flex-grow-small:0;--awb-flex-shrink-small:0;--awb-spacing-right-small:1.92%;--awb-spacing-left-small:1.92%;\"><div class=\"fusion-column-wrapper fusion-column-has-shadow fusion-flex-justify-content-flex-start fusion-content-layout-column\"><div class=\"fusion-form-field fusion-form-text-field fusion-form-label-above\" style=\"\" data-form-id=\"5824\"><div class=\"fusion-form-label-wrapper\"><label for=\"telemovelwhatsapp\">Telem\u00f3vel\/WhatsApp * <abbr class=\"fusion-form-element-required\" title=\"required\">*<\/abbr><\/label><\/div><input type=\"text\" autocomplete=\"off\"  data-empty-notice=\"O campo \u00e9 obrigat\u00f3rio.\" name=\"telemovelwhatsapp\" id=\"telemovelwhatsapp\" value=\"\"  class=\"fusion-form-input\" required=\"true\" aria-required=\"true\" data-holds-private-data=\"false\" minlength=\"0\"\/><\/div><\/div><\/div><div class=\"fusion-layout-column fusion_builder_column fusion-builder-column-5 fusion_builder_column_1_1 1_1 fusion-flex-column\" style=\"--awb-bg-size:cover;--awb-width-large:100%;--awb-flex-grow:0;--awb-flex-shrink:0;--awb-margin-top-large:0px;--awb-spacing-right-large:1.92%;--awb-margin-bottom-large:20px;--awb-spacing-left-large:1.92%;--awb-width-medium:100%;--awb-order-medium:0;--awb-flex-grow-medium:0;--awb-flex-shrink-medium:0;--awb-spacing-right-medium:1.92%;--awb-spacing-left-medium:1.92%;--awb-width-small:100%;--awb-order-small:0;--awb-flex-grow-small:0;--awb-flex-shrink-small:0;--awb-spacing-right-small:1.92%;--awb-spacing-left-small:1.92%;\"><div class=\"fusion-column-wrapper fusion-column-has-shadow fusion-flex-justify-content-flex-start fusion-content-layout-column\"><div class=\"fusion-form-field fusion-form-checkbox-field fusion-form-label-above\" style=\"\" data-form-id=\"5824\"><fieldset data-awb-fieldset-min-required=\"1\" data-awb-fieldset-max-required=\"0\" data-awb-fieldset-error=\"O campo \u00e9 obrigat\u00f3rio.\"><legend class=\"fusion-form-label-wrapper\"><span class=\"label\">Dia da Semana pretendido: <abbr class=\"fusion-form-element-required\" title=\"O campo \u00e9 obrigat\u00f3rio.\">*<\/abbr><\/span><\/legend><div class=\"fusion-form-checkbox option-inline\"><input data-empty-notice=\"O campo \u00e9 obrigat\u00f3rio.\" tabindex=\"\" id=\"checkbox-diadasemanapretendido-1-0\" type=\"checkbox\" value=\"Segunda-feira\" name=\"diadasemanapretendido[]\" class=\"fusion-form-input\" data-holds-private-data=\"false\"\/><label for=\"checkbox-diadasemanapretendido-1-0\">Segunda-feira<\/label><\/div><div class=\"fusion-form-checkbox option-inline\"><input data-empty-notice=\"O campo \u00e9 obrigat\u00f3rio.\" tabindex=\"\" id=\"checkbox-diadasemanapretendido-1-1\" type=\"checkbox\" value=\"Ter\u00e7a-feira\" name=\"diadasemanapretendido[]\" class=\"fusion-form-input\" data-holds-private-data=\"false\"\/><label for=\"checkbox-diadasemanapretendido-1-1\">Ter\u00e7a-feira<\/label><\/div><div class=\"fusion-form-checkbox option-inline\"><input data-empty-notice=\"O campo \u00e9 obrigat\u00f3rio.\" tabindex=\"\" id=\"checkbox-diadasemanapretendido-1-2\" type=\"checkbox\" value=\"Quarta-feira\" name=\"diadasemanapretendido[]\" class=\"fusion-form-input\" data-holds-private-data=\"false\"\/><label for=\"checkbox-diadasemanapretendido-1-2\">Quarta-feira<\/label><\/div><div class=\"fusion-form-checkbox option-inline\"><input data-empty-notice=\"O campo \u00e9 obrigat\u00f3rio.\" tabindex=\"\" id=\"checkbox-diadasemanapretendido-1-3\" type=\"checkbox\" value=\"Quinta-feira\" name=\"diadasemanapretendido[]\" class=\"fusion-form-input\" data-holds-private-data=\"false\"\/><label for=\"checkbox-diadasemanapretendido-1-3\">Quinta-feira<\/label><\/div><div class=\"fusion-form-checkbox option-inline\"><input data-empty-notice=\"O campo \u00e9 obrigat\u00f3rio.\" tabindex=\"\" id=\"checkbox-diadasemanapretendido-1-4\" type=\"checkbox\" value=\"Sexta-feira\" name=\"diadasemanapretendido[]\" class=\"fusion-form-input\" data-holds-private-data=\"false\"\/><label for=\"checkbox-diadasemanapretendido-1-4\">Sexta-feira<\/label><\/div><div class=\"fusion-form-checkbox option-inline\"><input data-empty-notice=\"O campo \u00e9 obrigat\u00f3rio.\" tabindex=\"\" id=\"checkbox-diadasemanapretendido-1-5\" type=\"checkbox\" value=\"S\u00e1bado\" name=\"diadasemanapretendido[]\" class=\"fusion-form-input\" data-holds-private-data=\"false\"\/><label for=\"checkbox-diadasemanapretendido-1-5\">S\u00e1bado<\/label><\/div><\/fieldset><\/div><div class=\"fusion-form-field fusion-form-checkbox-field fusion-form-label-above\" style=\"\" data-form-id=\"5824\"><fieldset data-awb-fieldset-min-required=\"1\" data-awb-fieldset-max-required=\"0\" data-awb-fieldset-error=\"O campo \u00e9 obrigat\u00f3rio.\"><legend class=\"fusion-form-label-wrapper\"><span class=\"label\">Janela Horaria pretendida: <abbr class=\"fusion-form-element-required\" title=\"O campo \u00e9 obrigat\u00f3rio.\">*<\/abbr><\/span><\/legend><div class=\"fusion-form-checkbox option-inline\"><input data-empty-notice=\"O campo \u00e9 obrigat\u00f3rio.\" tabindex=\"\" id=\"checkbox-janelahorariapretendida-2-0\" type=\"checkbox\" value=\"09h00 - 11h00\" name=\"janelahorariapretendida[]\" class=\"fusion-form-input\" data-holds-private-data=\"false\"\/><label for=\"checkbox-janelahorariapretendida-2-0\">09h00 - 11h00<\/label><\/div><div class=\"fusion-form-checkbox option-inline\"><input data-empty-notice=\"O campo \u00e9 obrigat\u00f3rio.\" tabindex=\"\" id=\"checkbox-janelahorariapretendida-2-1\" type=\"checkbox\" value=\"11h00 - 13h00\" name=\"janelahorariapretendida[]\" class=\"fusion-form-input\" data-holds-private-data=\"false\"\/><label for=\"checkbox-janelahorariapretendida-2-1\">11h00 - 13h00<\/label><\/div><div class=\"fusion-form-checkbox option-inline\"><input data-empty-notice=\"O campo \u00e9 obrigat\u00f3rio.\" tabindex=\"\" id=\"checkbox-janelahorariapretendida-2-2\" type=\"checkbox\" value=\"14h00 - 16h00\" name=\"janelahorariapretendida[]\" class=\"fusion-form-input\" data-holds-private-data=\"false\"\/><label for=\"checkbox-janelahorariapretendida-2-2\">14h00 - 16h00<\/label><\/div><div class=\"fusion-form-checkbox option-inline\"><input data-empty-notice=\"O campo \u00e9 obrigat\u00f3rio.\" tabindex=\"\" id=\"checkbox-janelahorariapretendida-2-3\" type=\"checkbox\" value=\"16h00 - 18h00\" name=\"janelahorariapretendida[]\" class=\"fusion-form-input\" data-holds-private-data=\"false\"\/><label for=\"checkbox-janelahorariapretendida-2-3\">16h00 - 18h00<\/label><\/div><div class=\"fusion-form-checkbox option-inline\"><input data-empty-notice=\"O campo \u00e9 obrigat\u00f3rio.\" tabindex=\"\" id=\"checkbox-janelahorariapretendida-2-4\" type=\"checkbox\" value=\"18h00 - 20h00\" name=\"janelahorariapretendida[]\" class=\"fusion-form-input\" data-holds-private-data=\"false\"\/><label for=\"checkbox-janelahorariapretendida-2-4\">18h00 - 20h00<\/label><\/div><\/fieldset><\/div><div class=\"fusion-form-field fusion-form-select-field fusion-form-label-above\" style=\"\" data-form-id=\"5824\"><label for=\"modelos\">modelos <abbr class=\"fusion-form-element-required\" title=\"required\">*<\/abbr><\/label><div class=\"fusion-select-wrapper\"><select autocomplete=\"off\" data-empty-notice=\"O campo \u00e9 obrigat\u00f3rio.\" tabindex=\"\" id=\"modelos\" name=\"modelos\" class=\"fusion-form-input\" required=\"true\" aria-required=\"true\" data-holds-private-data=\"false\"><option value=\"\" disabled selected>Seleciona o modelo<\/option><option value=\"800MT Explore\" >800MT Explore<\/option><option value=\"800MT-X\"  selected >800MT-X<\/option><option value=\"800MT Sport\" >800MT Sport<\/option><option value=\"700MT\" >700MT<\/option><option value=\"700MT ADV\" >700MT ADV<\/option><option value=\"450MT\" >450MT<\/option><option value=\"800NK\" >800NK<\/option><option value=\"675NK\" >675NK<\/option><option value=\"450NK\" >450NK<\/option><option value=\"125NK\" >125NK<\/option><option value=\"300CL-X\" >300CL-X<\/option><option value=\"675SR-R\" >675SR-R<\/option><option value=\"CFORCE 520L\" >CFORCE 520L<\/option><option value=\"ZFORCE 550\" >ZFORCE 550<\/option><option value=\"ZFORCE 950 SPORT 4\" >ZFORCE 950 SPORT 4<\/option><option value=\"ZFORCE 1000 SPORT R\" >ZFORCE 1000 SPORT R<\/option><\/select><div class=\"select-arrow\"><svg width=\"12\" height=\"8\" viewBox=\"0 0 12 8\" fill=\"none\" xmlns=\"http:\/\/www.w3.org\/2000\/svg\"> <path d=\"M1.5 1.75L6 6.25L10.5 1.75\" stroke=\"#6D6D6D\" stroke-width=\"2\" stroke-linecap=\"round\" stroke-linejoin=\"round\"\/> <\/svg><\/div><\/div><\/div><div class=\"fusion-form-field fusion-form-select-field fusion-form-label-above fusion-form-field-hidden\" style=\"\" data-form-id=\"5824\" data-form-element-name=\"select_2\"><label for=\"concessionario\">concessionario <abbr class=\"fusion-form-element-required\" title=\"required\">*<\/abbr><\/label><div class=\"fusion-select-wrapper\"><select autocomplete=\"off\" data-empty-notice=\"O campo \u00e9 obrigat\u00f3rio.\" tabindex=\"\" id=\"concessionario\" name=\"concessionario\" class=\"fusion-form-input\" required=\"true\" aria-required=\"true\" data-holds-private-data=\"false\"><option value=\"Alcoba\u00e7a - LS Autom\u00f3veis & Motos\" >Alcoba\u00e7a - LS Autom\u00f3veis & Motos<\/option><option value=\"Arcos de Valdevez - Oficina Motoqueiro\" >Arcos de Valdevez - Oficina Motoqueiro<\/option><option value=\"Barcelos - MGB Motos\" >Barcelos - MGB Motos<\/option><option value=\"pedrosousa@cfpt.pt\" >Castelo de Paiva - PF Motos<\/option><option value=\"Coimbra - Bike Shop\" >Coimbra - Bike Shop<\/option><option value=\"Const\u00e2ncia - Yes Auto\" >Const\u00e2ncia - Yes Auto<\/option><option value=\"Fafe - Stand 4820\" >Fafe - Stand 4820<\/option><option value=\"Felgueiras - Moto Serrinha\" >Felgueiras - Moto Serrinha<\/option><option value=\"Funchal - MZBike\" >Funchal - MZBike<\/option><option value=\"Guarda - MTA\" >Guarda - MTA<\/option><option value=\"Loul\u00e9 - M&M Motors\" >Loul\u00e9 - M&M Motors<\/option><option value=\"Monte Redondo - AC Domingues\" >Monte Redondo - AC Domingues<\/option><option value=\"gustavoribeiro@cfpt.pt\" >Oliveira de Azem\u00e9is - Multimoto<\/option><option value=\"Penafiel - Norboxe\" >Penafiel - Norboxe<\/option><option value=\"Ponta Delgada - Ride4Ever\" >Ponta Delgada - Ride4Ever<\/option><option value=\"Porto - Norboxe\" >Porto - Norboxe<\/option><option value=\"Rio Maior - Momento TT\" >Rio Maior - Momento TT<\/option><option value=\"Silves - Moto Green\" >Silves - Moto Green<\/option><option value=\"Vila Nova de Gaia - Antero Motorcycles\" >Vila Nova de Gaia - Antero Motorcycles<\/option><\/select><div class=\"select-arrow\"><svg width=\"12\" height=\"8\" viewBox=\"0 0 12 8\" fill=\"none\" xmlns=\"http:\/\/www.w3.org\/2000\/svg\"> <path d=\"M1.5 1.75L6 6.25L10.5 1.75\" stroke=\"#6D6D6D\" stroke-width=\"2\" stroke-linecap=\"round\" stroke-linejoin=\"round\"\/> <\/svg><\/div><\/div><\/div><div class=\"fusion-text fusion-text-4\"><p>(*) Campos Obrigat\u00f3rios<br \/>\nUsamos os teus dados para podermos dar seguimento ao teu pedido de informa\u00e7\u00f5es sobre a campanha. Ao enviar este formul\u00e1rio est\u00e1s a dar o teu consentimento:<\/p>\n<\/div>\n<div class=\"fusion-form-field fusion-form-consent-field fusion-form-label-above\" style=\"\" data-form-id=\"5824\"><div class=\"fusion-form-checkbox option-inline\"><input tabindex=\"\" id=\"consentimento1\" type=\"checkbox\" value=\"1\" name=\"consentimento1\" class=\"fusion-form-input\" required=\"true\" aria-required=\"true\"\/><label for=\"consentimento1\">Para que o concession\u00e1rio oficial CFMOTO, escolhido por ti, possa entrar em contacto para dar a conhecer todas as caracter\u00edsticas da campanha. Caso n\u00e3o consintas, isso significa que n\u00e3o poderemos guardar a informa\u00e7\u00e3o do teu formul\u00e1rio, pelo que, por favor, dever\u00e1s contactar-nos atrav\u00e9s dos outros meios alternativos.<\/label><\/div><\/div><div class=\"fusion-form-field fusion-form-consent-field fusion-form-label-above\" style=\"\" data-form-id=\"5824\"><div class=\"fusion-form-checkbox option-inline\"><input tabindex=\"\" id=\"consentimento\" type=\"checkbox\" value=\"1\" name=\"consentimento\" class=\"fusion-form-input\"\/><label for=\"consentimento\">Para receberes comunica\u00e7\u00f5es de marketing que te enviaremos sobre todas as marcas do Grupo Multimoto. Se a qualquer momento desejares deixar de receber essas comunica\u00e7\u00f5es, ter\u00e1s sempre a op\u00e7\u00e3o de solicita\u00e7\u00e3o de exclus\u00e3o (\"opt out\") atrav\u00e9s do email tratamentodedados@cfpt.pt ou da p\u00e1gina da Pol\u00edtica de Privacidade.<\/label><\/div><\/div><div class=\"fusion-form-field fusion-form-submit-field fusion-form-label-above\" style=\"\" data-form-id=\"5824\"><div ><button type=\"submit\" class=\"fusion-button button-flat fusion-button-default-size button-default fusion-button-default button-1 fusion-button-default-span  button-default form-form-submit\" data-form-number=\"5824\" tabindex=\"\"><span class=\"fusion-button-text awb-button__text awb-button__text--default\">Enviar<\/span><\/button><\/div><\/div><\/div><\/div><\/div><\/div><input type=\"hidden\" name=\"fusion_privacy_expiration_interval\" value=\"48\"><input type=\"hidden\" name=\"privacy_expiration_action\" value=\"anonymize\"><\/form><\/div><\/div><\/div><\/div><\/div>\n","protected":false},"excerpt":{"rendered":"","protected":false},"author":1,"featured_media":0,"parent":0,"menu_order":0,"comment_status":"closed","ping_status":"closed","template":"","meta":{"footnotes":""},"class_list":["post-5818","page","type-page","status-publish","hentry"],"_links":{"self":[{"href":"https:\/\/teste.cf-moto.pt\/index.php\/wp-json\/wp\/v2\/pages\/5818","targetHints":{"allow":["GET"]}}],"collection":[{"href":"https:\/\/teste.cf-moto.pt\/index.php\/wp-json\/wp\/v2\/pages"}],"about":[{"href":"https:\/\/teste.cf-moto.pt\/index.php\/wp-json\/wp\/v2\/types\/page"}],"author":[{"embeddable":true,"href":"https:\/\/teste.cf-moto.pt\/index.php\/wp-json\/wp\/v2\/users\/1"}],"replies":[{"embeddable":true,"href":"https:\/\/teste.cf-moto.pt\/index.php\/wp-json\/wp\/v2\/comments?post=5818"}],"version-history":[{"count":6,"href":"https:\/\/teste.cf-moto.pt\/index.php\/wp-json\/wp\/v2\/pages\/5818\/revisions"}],"predecessor-version":[{"id":5827,"href":"https:\/\/teste.cf-moto.pt\/index.php\/wp-json\/wp\/v2\/pages\/5818\/revisions\/5827"}],"wp:attachment":[{"href":"https:\/\/teste.cf-moto.pt\/index.php\/wp-json\/wp\/v2\/media?parent=5818"}],"curies":[{"name":"wp","href":"https:\/\/api.w.org\/{rel}","templated":true}]}}